{"id":75,"date":"2026-02-27T10:29:24","date_gmt":"2026-02-27T10:29:24","guid":{"rendered":"https:\/\/villa-excelsior.wisto.cc\/?page_id=75"},"modified":"2026-02-27T11:57:08","modified_gmt":"2026-02-27T11:57:08","slug":"an","status":"publish","type":"page","link":"https:\/\/villa-excelsior.at\/?page_id=75","title":{"rendered":"Angebote"},"content":{"rendered":"\t\t<div data-elementor-type=\"wp-page\" data-elementor-id=\"75\" class=\"elementor elementor-75\" data-elementor-post-type=\"page\">\n\t\t\t\t\t\t<section class=\"elementor-section elementor-top-section elementor-element elementor-element-ab5cf35 elementor-section-boxed elementor-section-height-default elementor-section-height-default\" data-id=\"ab5cf35\" data-element_type=\"section\" data-e-type=\"section\">\n\t\t\t\t\t\t<div class=\"elementor-container elementor-column-gap-default\">\n\t\t\t\t\t<div class=\"elementor-column elementor-col-100 elementor-top-column elementor-element elementor-element-eff3ba9\" data-id=\"eff3ba9\" data-element_type=\"column\" data-e-type=\"column\">\n\t\t\t<div class=\"elementor-widget-wrap elementor-element-populated\">\n\t\t\t\t\t\t<div class=\"elementor-element elementor-element-2969313 elementor-widget elementor-widget-heading\" data-id=\"2969313\" data-element_type=\"widget\" data-e-type=\"widget\" data-widget_type=\"heading.default\">\n\t\t\t\t<div class=\"elementor-widget-container\">\n\t\t\t\t\t<h2 class=\"elementor-heading-title elementor-size-default\">ANGEBOTE<\/h2>\t\t\t\t<\/div>\n\t\t\t\t<\/div>\n\t\t\t\t\t<\/div>\n\t\t<\/div>\n\t\t\t\t\t<\/div>\n\t\t<\/section>\n\t\t\t\t<section class=\"elementor-section elementor-top-section elementor-element elementor-element-66baddb elementor-section-boxed elementor-section-height-default elementor-section-height-default\" data-id=\"66baddb\" data-element_type=\"section\" data-e-type=\"section\" data-settings=\"{&quot;background_background&quot;:&quot;classic&quot;}\">\n\t\t\t\t\t\t<div class=\"elementor-container elementor-column-gap-no\">\n\t\t\t\t\t<div class=\"elementor-column elementor-col-100 elementor-top-column elementor-element elementor-element-634e453\" data-id=\"634e453\" data-element_type=\"column\" data-e-type=\"column\">\n\t\t\t<div class=\"elementor-widget-wrap elementor-element-populated\">\n\t\t\t\t\t\t<div class=\"elementor-element elementor-element-538bea6 elementor-widget__width-initial elementor-widget elementor-widget-heading\" data-id=\"538bea6\" data-element_type=\"widget\" data-e-type=\"widget\" data-widget_type=\"heading.default\">\n\t\t\t\t<div class=\"elementor-widget-container\">\n\t\t\t\t\t<h2 class=\"elementor-heading-title elementor-size-default\">\"Weisse Wochen\"<\/h2>\t\t\t\t<\/div>\n\t\t\t\t<\/div>\n\t\t\t\t<section class=\"elementor-section elementor-inner-section elementor-element elementor-element-46c186f elementor-section-full_width elementor-section-height-default elementor-section-height-default\" data-id=\"46c186f\" data-element_type=\"section\" data-e-type=\"section\">\n\t\t\t\t\t\t<div class=\"elementor-container elementor-column-gap-no\">\n\t\t\t\t\t<div class=\"elementor-column elementor-col-50 elementor-inner-column elementor-element elementor-element-dc252e0\" data-id=\"dc252e0\" data-element_type=\"column\" data-e-type=\"column\">\n\t\t\t<div class=\"elementor-widget-wrap elementor-element-populated\">\n\t\t\t\t\t\t<div class=\"elementor-element elementor-element-14e4019 elementor-widget elementor-widget-text-editor\" data-id=\"14e4019\" data-element_type=\"widget\" data-e-type=\"widget\" data-widget_type=\"text-editor.default\">\n\t\t\t\t<div class=\"elementor-widget-container\">\n\t\t\t\t\t\t\t\t\t<p>Vom 10. &#8211; 31. 01. und ab 07. 03. 2026<br \/>Preis: ab 973,00 \u20ac<\/p>\t\t\t\t\t\t\t\t<\/div>\n\t\t\t\t<\/div>\n\t\t\t\t\t<\/div>\n\t\t<\/div>\n\t\t\t\t<div class=\"elementor-column elementor-col-50 elementor-inner-column elementor-element elementor-element-1ba844f\" data-id=\"1ba844f\" data-element_type=\"column\" data-e-type=\"column\">\n\t\t\t<div class=\"elementor-widget-wrap elementor-element-populated\">\n\t\t\t\t\t\t<div class=\"elementor-element elementor-element-5f56293 elementor-align-right elementor-mobile-align-center elementor-widget elementor-widget-button\" data-id=\"5f56293\" data-element_type=\"widget\" data-e-type=\"widget\" data-widget_type=\"button.default\">\n\t\t\t\t<div class=\"elementor-widget-container\">\n\t\t\t\t\t\t\t\t\t<div class=\"elementor-button-wrapper\">\n\t\t\t\t\t<a class=\"elementor-button elementor-button-link elementor-size-sm\" href=\"https:\/\/villa-excelsior.at\/?page_id=400\">\n\t\t\t\t\t\t<span class=\"elementor-button-content-wrapper\">\n\t\t\t\t\t\t\t\t\t<span class=\"elementor-button-text\">BUCHEN<\/span>\n\t\t\t\t\t<\/span>\n\t\t\t\t\t<\/a>\n\t\t\t\t<\/div>\n\t\t\t\t\t\t\t\t<\/div>\n\t\t\t\t<\/div>\n\t\t\t\t\t<\/div>\n\t\t<\/div>\n\t\t\t\t\t<\/div>\n\t\t<\/section>\n\t\t\t\t<div class=\"elementor-element elementor-element-e211145 elementor-widget__width-initial elementor-widget elementor-widget-text-editor\" data-id=\"e211145\" data-element_type=\"widget\" data-e-type=\"widget\" data-widget_type=\"text-editor.default\">\n\t\t\t\t<div class=\"elementor-widget-container\">\n\t\t\t\t\t\t\t\t\t<p>\u00a0<\/p><ul><li><span class=\"value\">7 \u00dcbernachtungen<\/span><\/li><li><span class=\"value\">6-Tage-Skipa\u00df &#8222;Amad\u00e9&#8220;<\/span><\/li><li><span class=\"value\">Halbpension<\/span><\/li><li><span class=\"value\">Shuttle-Service zu den Skigebieten (3-5 min)<\/span><\/li><li><span class=\"value\">Gastein Card<\/span><\/li><li><span class=\"value\">Mobility Ticket<\/span><\/li><\/ul>\t\t\t\t\t\t\t\t<\/div>\n\t\t\t\t<\/div>\n\t\t\t\t\t<\/div>\n\t\t<\/div>\n\t\t\t\t\t<\/div>\n\t\t<\/section>\n\t\t\t\t<section class=\"elementor-section elementor-top-section elementor-element elementor-element-f6f6747 elementor-section-boxed elementor-section-height-default elementor-section-height-default\" data-id=\"f6f6747\" data-element_type=\"section\" data-e-type=\"section\" data-settings=\"{&quot;background_background&quot;:&quot;classic&quot;}\">\n\t\t\t\t\t\t<div class=\"elementor-container elementor-column-gap-no\">\n\t\t\t\t\t<div class=\"elementor-column elementor-col-100 elementor-top-column elementor-element elementor-element-e124310\" data-id=\"e124310\" data-element_type=\"column\" data-e-type=\"column\">\n\t\t\t<div class=\"elementor-widget-wrap elementor-element-populated\">\n\t\t\t\t\t\t<div class=\"elementor-element elementor-element-a3da976 elementor-widget__width-initial elementor-widget elementor-widget-heading\" data-id=\"a3da976\" data-element_type=\"widget\" data-e-type=\"widget\" data-widget_type=\"heading.default\">\n\t\t\t\t<div class=\"elementor-widget-container\">\n\t\t\t\t\t<h2 class=\"elementor-heading-title elementor-size-default\">Fr\u00fchlingsfrische Schnupperkur<\/h2>\t\t\t\t<\/div>\n\t\t\t\t<\/div>\n\t\t\t\t<section class=\"elementor-section elementor-inner-section elementor-element elementor-element-3c86cef elementor-section-full_width elementor-section-height-default elementor-section-height-default\" data-id=\"3c86cef\" data-element_type=\"section\" data-e-type=\"section\">\n\t\t\t\t\t\t<div class=\"elementor-container elementor-column-gap-no\">\n\t\t\t\t\t<div class=\"elementor-column elementor-col-50 elementor-inner-column elementor-element elementor-element-d582529\" data-id=\"d582529\" data-element_type=\"column\" data-e-type=\"column\">\n\t\t\t<div class=\"elementor-widget-wrap elementor-element-populated\">\n\t\t\t\t\t\t<div class=\"elementor-element elementor-element-d74cd87 elementor-widget elementor-widget-text-editor\" data-id=\"d74cd87\" data-element_type=\"widget\" data-e-type=\"widget\" data-widget_type=\"text-editor.default\">\n\t\t\t\t<div class=\"elementor-widget-container\">\n\t\t\t\t\t\t\t\t\t<p>im M\u00e4rz 2026<br \/>Preis: ab Euro 539,00 im Doppel- und\u00a0 \u00a0 \u00a0 \u00a0 \u00a0 \u00a0 \u00a0 \u00a0 \u00a0 \u00a0 \u00a0 \u00a0 \u00a0 \u00a0 \u00a0 \u00a0 \u00a0 \u00a0 \u00a0 \u00a0 \u00a0 \u00a0 \u00a0ab Euro 564,00 im Einzelzimmer<\/p>\t\t\t\t\t\t\t\t<\/div>\n\t\t\t\t<\/div>\n\t\t\t\t\t<\/div>\n\t\t<\/div>\n\t\t\t\t<div class=\"elementor-column elementor-col-50 elementor-inner-column elementor-element elementor-element-2ec50a5\" data-id=\"2ec50a5\" data-element_type=\"column\" data-e-type=\"column\">\n\t\t\t<div class=\"elementor-widget-wrap elementor-element-populated\">\n\t\t\t\t\t\t<div class=\"elementor-element elementor-element-f560041 elementor-align-right elementor-mobile-align-center elementor-widget elementor-widget-button\" data-id=\"f560041\" data-element_type=\"widget\" data-e-type=\"widget\" data-widget_type=\"button.default\">\n\t\t\t\t<div class=\"elementor-widget-container\">\n\t\t\t\t\t\t\t\t\t<div class=\"elementor-button-wrapper\">\n\t\t\t\t\t<a class=\"elementor-button elementor-button-link elementor-size-sm\" href=\"https:\/\/villa-excelsior.at\/?page_id=400\">\n\t\t\t\t\t\t<span class=\"elementor-button-content-wrapper\">\n\t\t\t\t\t\t\t\t\t<span class=\"elementor-button-text\">BUCHEN<\/span>\n\t\t\t\t\t<\/span>\n\t\t\t\t\t<\/a>\n\t\t\t\t<\/div>\n\t\t\t\t\t\t\t\t<\/div>\n\t\t\t\t<\/div>\n\t\t\t\t\t<\/div>\n\t\t<\/div>\n\t\t\t\t\t<\/div>\n\t\t<\/section>\n\t\t\t\t<div class=\"elementor-element elementor-element-005123b elementor-widget__width-initial elementor-widget elementor-widget-text-editor\" data-id=\"005123b\" data-element_type=\"widget\" data-e-type=\"widget\" data-widget_type=\"text-editor.default\">\n\t\t\t\t<div class=\"elementor-widget-container\">\n\t\t\t\t\t\t\t\t\t<p>Eine Woche Auszeit in der Fr\u00fchlingssonne &#8211; Eintauchen in belebende Thermal-Wannenb\u00e4der, entspannende Massagen, Ankommen, Durchatmen!<\/p><ul><li><span class=\"value\">5 \u00dcbernachtungen<\/span><\/li><li><span class=\"value\">3\u00a0 vitalisierende Thermal-Wannenb\u00e4der<\/span><\/li><li>2 entspannende Massagen<\/li><li><span class=\"value\">Bademantel w\u00e4hrend des Aufenthaltes<\/span><\/li><li><span class=\"value\">Nutzung des Wellnessbereiches<\/span><\/li><li><span class=\"value\">Gastein Card<\/span><\/li><li><span class=\"value\">Halbpension<\/span><\/li><\/ul>\t\t\t\t\t\t\t\t<\/div>\n\t\t\t\t<\/div>\n\t\t\t\t\t<\/div>\n\t\t<\/div>\n\t\t\t\t\t<\/div>\n\t\t<\/section>\n\t\t\t\t<section class=\"elementor-section elementor-top-section elementor-element elementor-element-610a0d7 elementor-section-boxed elementor-section-height-default elementor-section-height-default\" data-id=\"610a0d7\" data-element_type=\"section\" data-e-type=\"section\" data-settings=\"{&quot;background_background&quot;:&quot;classic&quot;}\">\n\t\t\t\t\t\t<div class=\"elementor-container elementor-column-gap-no\">\n\t\t\t\t\t<div class=\"elementor-column elementor-col-100 elementor-top-column elementor-element elementor-element-bfb731c\" data-id=\"bfb731c\" data-element_type=\"column\" data-e-type=\"column\">\n\t\t\t<div class=\"elementor-widget-wrap elementor-element-populated\">\n\t\t\t\t\t\t<div class=\"elementor-element elementor-element-6f5fc96 elementor-widget__width-initial elementor-widget elementor-widget-heading\" data-id=\"6f5fc96\" data-element_type=\"widget\" data-e-type=\"widget\" data-widget_type=\"heading.default\">\n\t\t\t\t<div class=\"elementor-widget-container\">\n\t\t\t\t\t<h2 class=\"elementor-heading-title elementor-size-default\">Gasteiner Thermal-Badekur<\/h2>\t\t\t\t<\/div>\n\t\t\t\t<\/div>\n\t\t\t\t<section class=\"elementor-section elementor-inner-section elementor-element elementor-element-a82c16f elementor-section-full_width elementor-section-height-default elementor-section-height-default\" data-id=\"a82c16f\" data-element_type=\"section\" data-e-type=\"section\">\n\t\t\t\t\t\t<div class=\"elementor-container elementor-column-gap-no\">\n\t\t\t\t\t<div class=\"elementor-column elementor-col-50 elementor-inner-column elementor-element elementor-element-d010222\" data-id=\"d010222\" data-element_type=\"column\" data-e-type=\"column\">\n\t\t\t<div class=\"elementor-widget-wrap elementor-element-populated\">\n\t\t\t\t\t\t<div class=\"elementor-element elementor-element-837ea9f elementor-widget elementor-widget-text-editor\" data-id=\"837ea9f\" data-element_type=\"widget\" data-e-type=\"widget\" data-widget_type=\"text-editor.default\">\n\t\t\t\t<div class=\"elementor-widget-container\">\n\t\t\t\t\t\t\t\t\t<p>Preis: ab 1640,00 \u20ac<\/p>\t\t\t\t\t\t\t\t<\/div>\n\t\t\t\t<\/div>\n\t\t\t\t\t<\/div>\n\t\t<\/div>\n\t\t\t\t<div class=\"elementor-column elementor-col-50 elementor-inner-column elementor-element elementor-element-84345ba\" data-id=\"84345ba\" data-element_type=\"column\" data-e-type=\"column\">\n\t\t\t<div class=\"elementor-widget-wrap elementor-element-populated\">\n\t\t\t\t\t\t<div class=\"elementor-element elementor-element-aa73155 elementor-align-right elementor-mobile-align-center elementor-widget elementor-widget-button\" data-id=\"aa73155\" data-element_type=\"widget\" data-e-type=\"widget\" data-widget_type=\"button.default\">\n\t\t\t\t<div class=\"elementor-widget-container\">\n\t\t\t\t\t\t\t\t\t<div class=\"elementor-button-wrapper\">\n\t\t\t\t\t<a class=\"elementor-button elementor-button-link elementor-size-sm\" href=\"https:\/\/villa-excelsior.at\/?page_id=400\">\n\t\t\t\t\t\t<span class=\"elementor-button-content-wrapper\">\n\t\t\t\t\t\t\t\t\t<span class=\"elementor-button-text\">BUCHEN<\/span>\n\t\t\t\t\t<\/span>\n\t\t\t\t\t<\/a>\n\t\t\t\t<\/div>\n\t\t\t\t\t\t\t\t<\/div>\n\t\t\t\t<\/div>\n\t\t\t\t\t<\/div>\n\t\t<\/div>\n\t\t\t\t\t<\/div>\n\t\t<\/section>\n\t\t\t\t<div class=\"elementor-element elementor-element-887c994 elementor-widget__width-initial elementor-widget elementor-widget-text-editor\" data-id=\"887c994\" data-element_type=\"widget\" data-e-type=\"widget\" data-widget_type=\"text-editor.default\">\n\t\t\t\t<div class=\"elementor-widget-container\">\n\t\t\t\t\t\t\t\t\t<p>Nicht nur ein Werbeslogan f\u00fcr das gesch\u00e4tzte Gasteiner Thermalwasser. Die verj\u00fcngende Wirkung unseres \u201efl\u00fcssigen Goldes\u201c ist wissenschaftlich belegt und wohl die \u00e4lteste Form von Anti-Aging!<\/p><p>Die wertvollen Quellen flie\u00dfen direkt in unser Haus. In original\u00a0r\u00f6mischen Thermalwannenb\u00e4dern werden Ihre Leiden gelindert!<\/p><p>Unsere staatlich gepr\u00fcfte Kurabteilung im Haus steht f\u00fcr Massagen und Zusatztherapien zur Verf\u00fcgung!<\/p><ul><li><span class=\"value\">21 \u00dcbernachtungen<\/span><\/li><li><span class=\"value\">\u00c4rztl. Untersuchung<\/span><\/li><li><span class=\"value\">15 Thermalb\u00e4der im Haus<\/span><\/li><li><span class=\"value\">Bademantel w\u00e4hrend Ihres Aufenthaltes<\/span><\/li><li><span class=\"value\">Nutzung der Sauna &amp; Infrarotkabine<\/span><\/li><li><span class=\"value\">Gastein Card<\/span><\/li><li><span class=\"value\">Halbpension<\/span><\/li><\/ul>\t\t\t\t\t\t\t\t<\/div>\n\t\t\t\t<\/div>\n\t\t\t\t\t<\/div>\n\t\t<\/div>\n\t\t\t\t\t<\/div>\n\t\t<\/section>\n\t\t\t\t<\/div>\n\t\t","protected":false},"excerpt":{"rendered":"<p>ANGEBOTE &#8222;Weisse Wochen&#8220; Vom 10. &#8211; 31. 01. und ab 07. 03. 2026Preis: ab 973,00 \u20ac BUCHEN \u00a0 7 \u00dcbernachtungen 6-Tage-Skipa\u00df &#8222;Amad\u00e9&#8220; Halbpension Shuttle-Service zu den Skigebieten (3-5 min) Gastein Card Mobility Ticket Fr\u00fchlingsfrische Schnupperkur im M\u00e4rz 2026Preis: ab Euro 539,00 im Doppel- und\u00a0 \u00a0 \u00a0 \u00a0 \u00a0 \u00a0 \u00a0 \u00a0 \u00a0 \u00a0 \u00a0 \u00a0 [&hellip;]<\/p>\n","protected":false},"author":1,"featured_media":0,"parent":0,"menu_order":0,"comment_status":"closed","ping_status":"closed","template":"","meta":{"footnotes":""},"class_list":["post-75","page","type-page","status-publish","hentry"],"_links":{"self":[{"href":"https:\/\/villa-excelsior.at\/index.php?rest_route=\/wp\/v2\/pages\/75","targetHints":{"allow":["GET"]}}],"collection":[{"href":"https:\/\/villa-excelsior.at\/index.php?rest_route=\/wp\/v2\/pages"}],"about":[{"href":"https:\/\/villa-excelsior.at\/index.php?rest_route=\/wp\/v2\/types\/page"}],"author":[{"embeddable":true,"href":"https:\/\/villa-excelsior.at\/index.php?rest_route=\/wp\/v2\/users\/1"}],"replies":[{"embeddable":true,"href":"https:\/\/villa-excelsior.at\/index.php?rest_route=%2Fwp%2Fv2%2Fcomments&post=75"}],"version-history":[{"count":155,"href":"https:\/\/villa-excelsior.at\/index.php?rest_route=\/wp\/v2\/pages\/75\/revisions"}],"predecessor-version":[{"id":2287,"href":"https:\/\/villa-excelsior.at\/index.php?rest_route=\/wp\/v2\/pages\/75\/revisions\/2287"}],"wp:attachment":[{"href":"https:\/\/villa-excelsior.at\/index.php?rest_route=%2Fwp%2Fv2%2Fmedia&parent=75"}],"curies":[{"name":"wp","href":"https:\/\/api.w.org\/{rel}","templated":true}]}}