{"id":514,"date":"2024-04-25T08:18:46","date_gmt":"2024-04-25T08:18:46","guid":{"rendered":"https:\/\/villa-excelsior.wisto.cc\/?page_id=514"},"modified":"2025-02-14T10:45:27","modified_gmt":"2025-02-14T10:45:27","slug":"as-hotel","status":"publish","type":"page","link":"https:\/\/villa-excelsior.at\/?page_id=514","title":{"rendered":"Das H\u00f4tel"},"content":{"rendered":"\t\t<div data-elementor-type=\"wp-page\" data-elementor-id=\"514\" class=\"elementor elementor-514\" data-elementor-post-type=\"page\">\n\t\t\t\t\t\t<section class=\"elementor-section elementor-top-section elementor-element elementor-element-c3fc79d elementor-section-boxed elementor-section-height-default elementor-section-height-default\" data-id=\"c3fc79d\" data-element_type=\"section\" data-e-type=\"section\" data-settings=\"{&quot;background_background&quot;:&quot;classic&quot;}\">\n\t\t\t\t\t\t<div class=\"elementor-container elementor-column-gap-default\">\n\t\t\t\t\t<div class=\"elementor-column elementor-col-100 elementor-top-column elementor-element elementor-element-09f2d21\" data-id=\"09f2d21\" data-element_type=\"column\" data-e-type=\"column\">\n\t\t\t<div class=\"elementor-widget-wrap elementor-element-populated\">\n\t\t\t\t\t\t<div class=\"elementor-element elementor-element-3283d2b elementor-widget elementor-widget-heading\" data-id=\"3283d2b\" data-element_type=\"widget\" data-e-type=\"widget\" data-widget_type=\"heading.default\">\n\t\t\t\t<div class=\"elementor-widget-container\">\n\t\t\t\t\t<h2 class=\"elementor-heading-title elementor-size-default\">Das H\u00f4tel\n\n\n<\/h2>\t\t\t\t<\/div>\n\t\t\t\t<\/div>\n\t\t\t\t\t<\/div>\n\t\t<\/div>\n\t\t\t\t\t<\/div>\n\t\t<\/section>\n\t\t\t\t<section class=\"elementor-section elementor-top-section elementor-element elementor-element-17f0c5e elementor-section-boxed elementor-section-height-default elementor-section-height-default\" data-id=\"17f0c5e\" data-element_type=\"section\" data-e-type=\"section\" data-settings=\"{&quot;background_background&quot;:&quot;classic&quot;}\">\n\t\t\t\t\t\t<div class=\"elementor-container elementor-column-gap-default\">\n\t\t\t\t\t<div class=\"elementor-column elementor-col-100 elementor-top-column elementor-element elementor-element-c28d041\" data-id=\"c28d041\" data-element_type=\"column\" data-e-type=\"column\">\n\t\t\t<div class=\"elementor-widget-wrap elementor-element-populated\">\n\t\t\t\t\t\t<div class=\"elementor-element elementor-element-b6ffb0d elementor--h-position-center elementor--v-position-middle elementor-arrows-position-inside elementor-pagination-position-inside elementor-widget elementor-widget-slides\" data-id=\"b6ffb0d\" data-element_type=\"widget\" data-e-type=\"widget\" data-settings=\"{&quot;navigation&quot;:&quot;both&quot;,&quot;autoplay&quot;:&quot;yes&quot;,&quot;pause_on_hover&quot;:&quot;yes&quot;,&quot;pause_on_interaction&quot;:&quot;yes&quot;,&quot;autoplay_speed&quot;:5000,&quot;infinite&quot;:&quot;yes&quot;,&quot;transition&quot;:&quot;slide&quot;,&quot;transition_speed&quot;:500}\" data-widget_type=\"slides.default\">\n\t\t\t\t<div class=\"elementor-widget-container\">\n\t\t\t\t\t\t\t\t\t<div class=\"elementor-swiper\">\n\t\t\t\t\t<div class=\"elementor-slides-wrapper elementor-main-swiper swiper\" role=\"region\" aria-roledescription=\"carousel\" aria-label=\"Slider\" dir=\"ltr\" data-animation=\"fadeInUp\">\n\t\t\t\t<div class=\"swiper-wrapper elementor-slides\">\n\t\t\t\t\t\t\t\t\t\t<div class=\"elementor-repeater-item-771369a swiper-slide\" role=\"group\" aria-roledescription=\"slide\"><div class=\"swiper-slide-bg\" role=\"img\" aria-label=\"L1060899\"><\/div><div class=\"swiper-slide-inner\" ><div class=\"swiper-slide-contents\"><\/div><\/div><\/div><div class=\"elementor-repeater-item-107e788 swiper-slide\" role=\"group\" aria-roledescription=\"slide\"><div class=\"swiper-slide-bg\" role=\"img\" aria-label=\"Zimmer 29 (Kategorie Excelsior A)\"><\/div><div class=\"swiper-slide-inner\" ><div class=\"swiper-slide-contents\"><\/div><\/div><\/div><div class=\"elementor-repeater-item-9004970 swiper-slide\" role=\"group\" aria-roledescription=\"slide\"><div class=\"swiper-slide-bg\" role=\"img\" aria-label=\"Ville_Excelsior_30-850x318\"><\/div><div class=\"swiper-slide-inner\" ><div class=\"swiper-slide-contents\"><\/div><\/div><\/div><div class=\"elementor-repeater-item-a7a4ed8 swiper-slide\" role=\"group\" aria-roledescription=\"slide\"><div class=\"swiper-slide-bg\" role=\"img\" aria-label=\"Ville_Excelsior_19-850x318\"><\/div><div class=\"swiper-slide-inner\" ><div class=\"swiper-slide-contents\"><\/div><\/div><\/div><div class=\"elementor-repeater-item-e385c42 swiper-slide\" role=\"group\" aria-roledescription=\"slide\"><div class=\"swiper-slide-bg\" role=\"img\" aria-label=\"Blauer Salon\"><\/div><div class=\"swiper-slide-inner\" ><div class=\"swiper-slide-contents\"><\/div><\/div><\/div><div class=\"elementor-repeater-item-f3ce81d swiper-slide\" role=\"group\" aria-roledescription=\"slide\"><div class=\"swiper-slide-bg\" role=\"img\" aria-label=\"Pool\"><\/div><div class=\"swiper-slide-inner\" ><div class=\"swiper-slide-contents\"><\/div><\/div><\/div>\t\t\t\t<\/div>\n\t\t\t\t\t\t\t\t\t\t\t\t\t\t\t<div class=\"elementor-swiper-button elementor-swiper-button-prev\" role=\"button\" tabindex=\"0\" aria-label=\"Vorheriger Slide\">\n\t\t\t\t\t\t\t<i aria-hidden=\"true\" class=\"eicon-chevron-left\"><\/i>\t\t\t\t\t\t<\/div>\n\t\t\t\t\t\t<div class=\"elementor-swiper-button elementor-swiper-button-next\" role=\"button\" tabindex=\"0\" aria-label=\"N\u00e4chster Slide\">\n\t\t\t\t\t\t\t<i aria-hidden=\"true\" class=\"eicon-chevron-right\"><\/i>\t\t\t\t\t\t<\/div>\n\t\t\t\t\t\t\t\t\t\t\t\t\t\t\t\t<div class=\"swiper-pagination\"><\/div>\n\t\t\t\t\t\t\t\t\t\t\t\t<\/div>\n\t\t\t\t<\/div>\n\t\t\t\t\t\t\t\t<\/div>\n\t\t\t\t<\/div>\n\t\t\t\t\t<\/div>\n\t\t<\/div>\n\t\t\t\t\t<\/div>\n\t\t<\/section>\n\t\t\t\t<section class=\"elementor-section elementor-top-section elementor-element elementor-element-1034fb2 elementor-section-boxed elementor-section-height-default elementor-section-height-default\" data-id=\"1034fb2\" data-element_type=\"section\" data-e-type=\"section\" data-settings=\"{&quot;background_background&quot;:&quot;classic&quot;}\">\n\t\t\t\t\t\t<div class=\"elementor-container elementor-column-gap-default\">\n\t\t\t\t\t<div class=\"elementor-column elementor-col-50 elementor-top-column elementor-element elementor-element-84991b0\" data-id=\"84991b0\" data-element_type=\"column\" data-e-type=\"column\">\n\t\t\t<div class=\"elementor-widget-wrap elementor-element-populated\">\n\t\t\t\t\t\t<div class=\"elementor-element elementor-element-e2ff3d0 elementor-widget elementor-widget-heading\" data-id=\"e2ff3d0\" data-element_type=\"widget\" data-e-type=\"widget\" data-widget_type=\"heading.default\">\n\t\t\t\t<div class=\"elementor-widget-container\">\n\t\t\t\t\t<h2 class=\"elementor-heading-title elementor-size-default\">Stil &amp; Charme<\/h2>\t\t\t\t<\/div>\n\t\t\t\t<\/div>\n\t\t\t\t<div class=\"elementor-element elementor-element-e2ff74e elementor-widget elementor-widget-text-editor\" data-id=\"e2ff74e\" data-element_type=\"widget\" data-e-type=\"widget\" data-widget_type=\"text-editor.default\">\n\t\t\t\t<div class=\"elementor-widget-container\">\n\t\t\t\t\t\t\t\t\t<h3>Hier bin ich mitten in der erlesenen Sch\u00f6nheit unserer Alpen\u201c*<\/h3>\n<p>*So schrieb Sigmund Freud im August 1920 seinem treuen Freund Ernest Jones. Beeindruckt von der Sch\u00f6nheit Bad Gasteins, den Bauten, dem Wasserfall und den Spazierg\u00e4ngen auf der wildromantischen Kaiserpromenade, fiel es ihm schwer, sich auf die mitgebrachte Arbeit zu konzentrieren\u2026 Heute sp\u00fcrt man noch die Faszination dieser Zeit, nachdem ein Gro\u00dfteil der Originalm\u00f6bel, die Gem\u00e4lde und das Hotelsilber von 1895 restauriert und in Verwendung sind!<\/p>\n<p><a href=\"https:\/\/villa-excelsior.at\/wp-content\/uploads\/2024\/12\/Freud.pdf\" target=\"_blank\" rel=\"noopener\">Sigmund Freud als Kurgast in Gastein<\/a><\/p>\n<p><a href=\"https:\/\/villa-excelsior.at\/wp-content\/uploads\/2024\/12\/Freud2.pdf\" target=\"_blank\" rel=\"noopener\">Sigmund Freud Kurzbiografie<\/a><\/p>\n<h3>\u201e\u2026 und warte auf die wohltuenden Wirkungen von radioaktivem Wasser und k\u00f6stlicher Luft.\u201c*<\/h3>\n<p>Unsere Villa liegt im Gr\u00fcnen, an der romantischen Kaiser-Wilhelm-Promenade, weitab von der Stra\u00dfe und vom Verkehr! Nur erholsame Ruhe und Vogelgezwitscher\u2026<\/p>\n<p>Von der K\u00f6tschachtaler Aussichtsstra\u00dfe f\u00fchrt ein Privatweg direkt zum hauseigenen Parkplatz hinter unserer Villa. Die beliebtesten Promenaden und Wanderwege beginnen direkt vor dem Hotel und nach 5-min\u00fctigem Fu\u00dfmarsch erreicht man das historische Ortszentrum von Bad Gastein mit seinen imposanten Bauten aus der Belle Epoque.<\/p>\n<p>Die seelige Ruhe und den herrlichen Blick auf die Gasteiner Bergwelt genie\u00dft man am besten im Garten der Villa oder auf unserer sonnigen Liegeterrasse.<\/p>\n<h3>\u201ek\u00f6stlich ruhig, frei und heiter\u2026dazu das gute Essen\u201c*<\/h3>\n<p>Unser Restaurant und der Gr\u00fcne Salon \u2013 mit Blick ins Gasteinertal \u2013 sind den G\u00e4sten der Villa vorbehalten. Ein liebevoll bereitetes Fr\u00fchst\u00fcck l\u00e4dt ein bei dezenter klassischer Musik. Von 18.00 bis 20.00 Uhr servieren wir in eleganter Atmosph\u00e4re im Zuge der Halbpension ein Wahlmen\u00fc mit Salatbuffet, wo wir gerne nach M\u00f6glichkeit auf Ihre W\u00fcnsche oder Di\u00e4ten eingehen.<\/p>\n<p>Zum Verweilen bieten sich die gediegenen Salons der Villa \u2013 mit W-Lan. Wer es etwas \u201etraditioneller\u201c liebt, dem steht unsere Hausbibliothek mit \u00fcber 500 B\u00fcchern zur Verf\u00fcgung.<\/p>\n<p>In den Wintermonaten l\u00e4dt die Comini-Bar in der Bel Etage zum abendlichen Ausklang ein. Im Sommer hingegen locken die Hollywood-Schaukeln auf unserer Gartenterrasse, um den Tag Revue passieren zu lassen\u2026 oder den am\u00fcsanten Anekdoten zu lauschen, welche Bad Gastein so liebenswert machen!<\/p>\t\t\t\t\t\t\t\t<\/div>\n\t\t\t\t<\/div>\n\t\t\t\t<div class=\"elementor-element elementor-element-4ee1521 elementor-widget elementor-widget-heading\" data-id=\"4ee1521\" data-element_type=\"widget\" data-e-type=\"widget\" data-widget_type=\"heading.default\">\n\t\t\t\t<div class=\"elementor-widget-container\">\n\t\t\t\t\t<h2 class=\"elementor-heading-title elementor-size-default\">Hauskapelle<\/h2>\t\t\t\t<\/div>\n\t\t\t\t<\/div>\n\t\t\t\t<div class=\"elementor-element elementor-element-a6effd3 elementor-widget elementor-widget-text-editor\" data-id=\"a6effd3\" data-element_type=\"widget\" data-e-type=\"widget\" data-widget_type=\"text-editor.default\">\n\t\t\t\t<div class=\"elementor-widget-container\">\n\t\t\t\t\t\t\t\t\t<p>Unsere Hauskapelle im 2. Stock \u2013 von den Stammg\u00e4sten auch liebevoll die \u201eFerienwohnung vom Lieben Gott\u201c genannt \u2013 wird vom Einzelnen zur Meditation oder auch f\u00fcr Feierlichkeiten genutzt. Und manchmal lockt die Orgel so manchen Gast, der sein Talent bis dahin verschwiegen hat\u2026<\/p>\t\t\t\t\t\t\t\t<\/div>\n\t\t\t\t<\/div>\n\t\t\t\t\t<\/div>\n\t\t<\/div>\n\t\t\t\t<div class=\"elementor-column elementor-col-50 elementor-top-column elementor-element elementor-element-eed5600\" data-id=\"eed5600\" data-element_type=\"column\" data-e-type=\"column\">\n\t\t\t<div class=\"elementor-widget-wrap elementor-element-populated\">\n\t\t\t\t\t\t<div class=\"elementor-element elementor-element-7d5ce1e elementor-cta--layout-image-above elementor-cta--skin-classic elementor-animated-content elementor-bg-transform elementor-bg-transform-zoom-in elementor-widget elementor-widget-call-to-action\" data-id=\"7d5ce1e\" data-element_type=\"widget\" data-e-type=\"widget\" data-widget_type=\"call-to-action.default\">\n\t\t\t\t<div class=\"elementor-widget-container\">\n\t\t\t\t\t\t\t<div class=\"elementor-cta\">\n\t\t\t\t\t<div class=\"elementor-cta__bg-wrapper\">\n\t\t\t\t<div class=\"elementor-cta__bg elementor-bg\" style=\"background-image: url(https:\/\/villa-excelsior.at\/wp-content\/uploads\/2024\/03\/Yoga_Villa-1024x605-1.jpg);\" role=\"img\" aria-label=\"Yoga_Villa-1024x605\"><\/div>\n\t\t\t\t<div class=\"elementor-cta__bg-overlay\"><\/div>\n\t\t\t<\/div>\n\t\t\t\t\t\t\t<div class=\"elementor-cta__content\">\n\t\t\t\t\n\t\t\t\t\t\t\t\t\t<h2 class=\"elementor-cta__title elementor-cta__content-item elementor-content-item\">\n\t\t\t\t\t\t Kur &amp; Gesundheit \t\t\t\t\t<\/h2>\n\t\t\t\t\n\t\t\t\t\t\t\t\t\t<div class=\"elementor-cta__description elementor-cta__content-item elementor-content-item\">\n\t\t\t\t\t\t Die klassische Gasteiner Kur -f\u00fcr Gesundheit &amp; Wohlbefinden... Auch als Booster f\u00fcr das Immunsystem \t\t\t\t\t<\/div>\n\t\t\t\t\n\t\t\t\t\t\t\t\t\t<div class=\"elementor-cta__button-wrapper elementor-cta__content-item elementor-content-item \">\n\t\t\t\t\t<a class=\"elementor-cta__button elementor-button elementor-size-\" href=\"https:\/\/villa-excelsior.at\/?page_id=268\">\n\t\t\t\t\t\tMehr Informationen\t\t\t\t\t<\/a>\n\t\t\t\t\t<\/div>\n\t\t\t\t\t\t\t<\/div>\n\t\t\t\t\t\t<\/div>\n\t\t\t\t\t\t<\/div>\n\t\t\t\t<\/div>\n\t\t\t\t<div class=\"elementor-element elementor-element-6eb4313 elementor-cta--layout-image-above elementor-cta--skin-classic elementor-animated-content elementor-bg-transform elementor-bg-transform-zoom-in elementor-widget elementor-widget-call-to-action\" data-id=\"6eb4313\" data-element_type=\"widget\" data-e-type=\"widget\" data-widget_type=\"call-to-action.default\">\n\t\t\t\t<div class=\"elementor-widget-container\">\n\t\t\t\t\t\t\t<div class=\"elementor-cta\">\n\t\t\t\t\t\t\t<div class=\"elementor-cta__content\">\n\t\t\t\t\n\t\t\t\t\t\t\t\t\t<h2 class=\"elementor-cta__title elementor-cta__content-item elementor-content-item\">\n\t\t\t\t\t\tGalerie\t\t\t\t\t<\/h2>\n\t\t\t\t\n\t\t\t\t\n\t\t\t\t\t\t\t\t\t<div class=\"elementor-cta__button-wrapper elementor-cta__content-item elementor-content-item \">\n\t\t\t\t\t<a class=\"elementor-cta__button elementor-button elementor-size-\" href=\"https:\/\/villa-excelsior.at\/?page_id=673\">\n\t\t\t\t\t\tHier klicken\t\t\t\t\t<\/a>\n\t\t\t\t\t<\/div>\n\t\t\t\t\t\t\t<\/div>\n\t\t\t\t\t\t<\/div>\n\t\t\t\t\t\t<\/div>\n\t\t\t\t<\/div>\n\t\t\t\t\t<\/div>\n\t\t<\/div>\n\t\t\t\t\t<\/div>\n\t\t<\/section>\n\t\t\t\t<\/div>\n\t\t","protected":false},"excerpt":{"rendered":"<p>Das H\u00f4tel Stil &amp; Charme Hier bin ich mitten in der erlesenen Sch\u00f6nheit unserer Alpen\u201c* *So schrieb Sigmund Freud im August 1920 seinem treuen Freund Ernest Jones. Beeindruckt von der Sch\u00f6nheit Bad Gasteins, den Bauten, dem Wasserfall und den Spazierg\u00e4ngen auf der wildromantischen Kaiserpromenade, fiel es ihm schwer, sich auf die mitgebrachte Arbeit zu konzentrieren\u2026 [&hellip;]<\/p>\n","protected":false},"author":1,"featured_media":0,"parent":0,"menu_order":0,"comment_status":"closed","ping_status":"closed","template":"","meta":{"footnotes":""},"class_list":["post-514","page","type-page","status-publish","hentry"],"_links":{"self":[{"href":"https:\/\/villa-excelsior.at\/index.php?rest_route=\/wp\/v2\/pages\/514","targetHints":{"allow":["GET"]}}],"collection":[{"href":"https:\/\/villa-excelsior.at\/index.php?rest_route=\/wp\/v2\/pages"}],"about":[{"href":"https:\/\/villa-excelsior.at\/index.php?rest_route=\/wp\/v2\/types\/page"}],"author":[{"embeddable":true,"href":"https:\/\/villa-excelsior.at\/index.php?rest_route=\/wp\/v2\/users\/1"}],"replies":[{"embeddable":true,"href":"https:\/\/villa-excelsior.at\/index.php?rest_route=%2Fwp%2Fv2%2Fcomments&post=514"}],"version-history":[{"count":86,"href":"https:\/\/villa-excelsior.at\/index.php?rest_route=\/wp\/v2\/pages\/514\/revisions"}],"predecessor-version":[{"id":2087,"href":"https:\/\/villa-excelsior.at\/index.php?rest_route=\/wp\/v2\/pages\/514\/revisions\/2087"}],"wp:attachment":[{"href":"https:\/\/villa-excelsior.at\/index.php?rest_route=%2Fwp%2Fv2%2Fmedia&parent=514"}],"curies":[{"name":"wp","href":"https:\/\/api.w.org\/{rel}","templated":true}]}}