{"id":1060,"date":"2024-11-20T13:05:45","date_gmt":"2024-11-20T13:05:45","guid":{"rendered":"https:\/\/villa-excelsior.wisto.cc\/?page_id=1060"},"modified":"2024-11-20T13:12:34","modified_gmt":"2024-11-20T13:12:34","slug":"datenschutzerklaerung","status":"publish","type":"page","link":"https:\/\/villa-excelsior.at\/?page_id=1060","title":{"rendered":"Datenschutzerkl\u00e4rung"},"content":{"rendered":"\t\t<div data-elementor-type=\"wp-page\" data-elementor-id=\"1060\" class=\"elementor elementor-1060\" data-elementor-post-type=\"page\">\n\t\t\t\t\t\t<section class=\"elementor-section elementor-top-section elementor-element elementor-element-edcd384 elementor-section-boxed elementor-section-height-default elementor-section-height-default\" data-id=\"edcd384\" data-element_type=\"section\" data-e-type=\"section\">\n\t\t\t\t\t\t<div class=\"elementor-container elementor-column-gap-default\">\n\t\t\t\t\t<div class=\"elementor-column elementor-col-100 elementor-top-column elementor-element elementor-element-9d943c8\" data-id=\"9d943c8\" data-element_type=\"column\" data-e-type=\"column\">\n\t\t\t<div class=\"elementor-widget-wrap elementor-element-populated\">\n\t\t\t\t\t\t<div class=\"elementor-element elementor-element-e5331c2 elementor-widget elementor-widget-heading\" data-id=\"e5331c2\" data-element_type=\"widget\" data-e-type=\"widget\" data-widget_type=\"heading.default\">\n\t\t\t\t<div class=\"elementor-widget-container\">\n\t\t\t\t\t<h2 class=\"elementor-heading-title elementor-size-default\">\nDatenschutzerkl\u00e4rung<\/h2>\t\t\t\t<\/div>\n\t\t\t\t<\/div>\n\t\t\t\t\t<\/div>\n\t\t<\/div>\n\t\t\t\t\t<\/div>\n\t\t<\/section>\n\t\t\t\t<section class=\"elementor-section elementor-top-section elementor-element elementor-element-445feaf elementor-section-boxed elementor-section-height-default elementor-section-height-default\" data-id=\"445feaf\" data-element_type=\"section\" data-e-type=\"section\">\n\t\t\t\t\t\t<div class=\"elementor-container elementor-column-gap-default\">\n\t\t\t\t\t<div class=\"elementor-column elementor-col-100 elementor-top-column elementor-element elementor-element-7e8b252\" data-id=\"7e8b252\" data-element_type=\"column\" data-e-type=\"column\">\n\t\t\t<div class=\"elementor-widget-wrap elementor-element-populated\">\n\t\t\t\t\t\t<div class=\"elementor-element elementor-element-986bc36 elementor-widget elementor-widget-text-editor\" data-id=\"986bc36\" data-element_type=\"widget\" data-e-type=\"widget\" data-widget_type=\"text-editor.default\">\n\t\t\t\t<div class=\"elementor-widget-container\">\n\t\t\t\t\t\t\t\t\t<p>Die Inhalte dieser Website werden mit gr\u00f6\u00dftm\u00f6glicher Sorgfalt erstellt. Der Anbieter\/Betreiber \u00fcbernimmt jedoch keine Gew\u00e4hr f\u00fcr die Richtigkeit, Vollst\u00e4ndigkeit und Aktualit\u00e4t der bereitgestellten Inhalte. Die Nutzung der abrufbaren Inhalte erfolgt auf eigene Gefahr des Nutzers.<\/p><p>Die in dieser Website und in allen anderen Bereichen wiedergegebenen Gebrauchsnamen, Handelsnamen, Warenbezeichnungen usw. k\u00f6nnen auch ohne besondere Kennzeichungen Marken sein und als solche den gesetzlichen Bestimmungen unterliegen.<\/p><p>F\u00fcr externe Links wird jede Haftung ausgeschlossen. Der Autor besitzt keinen Einfluss auf deren Inhalt und kann somit auch keine Gew\u00e4hr f\u00fcr diese \u00fcbernehmen. Das Setzen von externen Links bedeutet nicht, dass sich der Anbieter, die hinter dem Verweis oder Link liegenden Inhalte zu Eigen macht. Eine st\u00e4ndige Kontrolle dieser externen Links ist f\u00fcr den Anbieter ohne konkrete Hinweise auf Rechtsverst\u00f6\u00dfe nicht zumutbar. Bei Kenntnis von Rechtsverst\u00f6\u00dfen werden jedoch derartige externe Links unverz\u00fcglich gel\u00f6scht.<\/p><p>S\u00e4mtliche Bilder und Texte auf dieser Seite unterliegen dem Urheberrecht und d\u00fcrfen ohne Zustimmung nicht weiterverwendet werden.<\/p><h3>Datenschutz<\/h3><p>Die Preisgabe der innerhalb des Internetangebotes bestehenden M\u00f6glichkeit zur Eingabe pers\u00f6nlicher oder Daten (Emailadresse, Namen, Anschriften) seitens des Nutzers erfolgt ausdr\u00fccklich auf freiwilliger Basis. Die von Ihnen zur Verf\u00fcgung gestellten personenbezogenen Daten verwenden wir ausschlie\u00dflich zum Zweck der technischen Administration der Webseiten und zur Erf\u00fcllung Ihrer W\u00fcnsche und Anforderungen, also in der Regel zur Beantwortung Ihrer Anfrage.<\/p><p>Diese Website benutzt Google Analytics, einen Webanalysedienst der Google Inc. (\u201eGoogle\u201c). Google Analytics verwendet sog. \u201eCookies\u201c, Textdateien, die auf Ihrem Computer gespeichert werden und die eine Analyse der Benutzung der Website durch Sie erm\u00f6glichen. Die durch den Cookie erzeugten Informationen \u00fcber Ihre Benutzung dieser Website (einschlie\u00dflich Ihrer IP-Adresse) wird an einen Server von Google in den USA \u00fcbertragen und dort gespeichert. Google wird diese Informationen benutzen, um Ihre Nutzung der Website auszuwerten, um Reports \u00fcber die Websiteaktivit\u00e4ten f\u00fcr die Websitebetreiber zusammenzustellen und um weitere mit der Websitenutzung und der Internetnutzung verbundene Dienstleistungen zu erbringen. Auch wird Google diese Informationen gegebenenfalls an Dritte \u00fcbertragen, sofern dies gesetzlich vorgeschrieben oder soweit Dritte diese Daten im Auftrag von Google verarbeiten. Google wird in keinem Fall Ihre IP-Adresse mit anderen Daten von Google in Verbindung bringen. Sie k\u00f6nnen die Installation der Cookies durch eine entsprechende Einstellung Ihrer Browser Software verhindern; wir weisen Sie jedoch darauf hin, dass Sie in diesem Fall gegebenenfalls nicht s\u00e4mtliche Funktionen dieser Website vollumf\u00e4nglich nutzen k\u00f6nnen. Durch die Nutzung dieser Website erkl\u00e4ren Sie sich mit der Bearbeitung der \u00fcber Sie erhobenen Daten durch Google in der zuvor beschriebenen Art und Weise und zu dem zuvor benannten Zweck einverstanden.<\/p><h3>Werbewiderspruch<\/h3><p>Der Betreiber dieser Website sowie die auf dieser Internetseite genannten Personen widersprechen jeder kommerziellen Verwendung und Weitergabe ihrer Daten. Es wird ausdr\u00fccklich darauf hingewiesen, dass eine Kontaktaufnahme zum Zwecke der Werbung und der Markt- und Meinungsforschung widersprochen wird. Bei Zuwiderhandlung beh\u00e4lt sich der Website Betreiber rechtliche Schritte vor.<\/p>\t\t\t\t\t\t\t\t<\/div>\n\t\t\t\t<\/div>\n\t\t\t\t\t<\/div>\n\t\t<\/div>\n\t\t\t\t\t<\/div>\n\t\t<\/section>\n\t\t\t\t<\/div>\n\t\t","protected":false},"excerpt":{"rendered":"<p>Datenschutzerkl\u00e4rung Die Inhalte dieser Website werden mit gr\u00f6\u00dftm\u00f6glicher Sorgfalt erstellt. Der Anbieter\/Betreiber \u00fcbernimmt jedoch keine Gew\u00e4hr f\u00fcr die Richtigkeit, Vollst\u00e4ndigkeit und Aktualit\u00e4t der bereitgestellten Inhalte. Die Nutzung der abrufbaren Inhalte erfolgt auf eigene Gefahr des Nutzers. Die in dieser Website und in allen anderen Bereichen wiedergegebenen Gebrauchsnamen, Handelsnamen, Warenbezeichnungen usw. k\u00f6nnen auch ohne besondere Kennzeichungen [&hellip;]<\/p>\n","protected":false},"author":1,"featured_media":0,"parent":0,"menu_order":0,"comment_status":"closed","ping_status":"closed","template":"","meta":{"footnotes":""},"class_list":["post-1060","page","type-page","status-publish","hentry"],"_links":{"self":[{"href":"https:\/\/villa-excelsior.at\/index.php?rest_route=\/wp\/v2\/pages\/1060","targetHints":{"allow":["GET"]}}],"collection":[{"href":"https:\/\/villa-excelsior.at\/index.php?rest_route=\/wp\/v2\/pages"}],"about":[{"href":"https:\/\/villa-excelsior.at\/index.php?rest_route=\/wp\/v2\/types\/page"}],"author":[{"embeddable":true,"href":"https:\/\/villa-excelsior.at\/index.php?rest_route=\/wp\/v2\/users\/1"}],"replies":[{"embeddable":true,"href":"https:\/\/villa-excelsior.at\/index.php?rest_route=%2Fwp%2Fv2%2Fcomments&post=1060"}],"version-history":[{"count":7,"href":"https:\/\/villa-excelsior.at\/index.php?rest_route=\/wp\/v2\/pages\/1060\/revisions"}],"predecessor-version":[{"id":1087,"href":"https:\/\/villa-excelsior.at\/index.php?rest_route=\/wp\/v2\/pages\/1060\/revisions\/1087"}],"wp:attachment":[{"href":"https:\/\/villa-excelsior.at\/index.php?rest_route=%2Fwp%2Fv2%2Fmedia&parent=1060"}],"curies":[{"name":"wp","href":"https:\/\/api.w.org\/{rel}","templated":true}]}}