{"id":1055,"date":"2024-11-20T13:04:26","date_gmt":"2024-11-20T13:04:26","guid":{"rendered":"https:\/\/villa-excelsior.wisto.cc\/?page_id=1055"},"modified":"2025-08-29T13:51:38","modified_gmt":"2025-08-29T13:51:38","slug":"impressum","status":"publish","type":"page","link":"https:\/\/villa-excelsior.at\/?page_id=1055","title":{"rendered":"Impressum"},"content":{"rendered":"\t\t<div data-elementor-type=\"wp-page\" data-elementor-id=\"1055\" class=\"elementor elementor-1055\" data-elementor-post-type=\"page\">\n\t\t\t\t\t\t<section class=\"elementor-section elementor-top-section elementor-element elementor-element-edcd384 elementor-section-boxed elementor-section-height-default elementor-section-height-default\" data-id=\"edcd384\" data-element_type=\"section\" data-e-type=\"section\">\n\t\t\t\t\t\t<div class=\"elementor-container elementor-column-gap-default\">\n\t\t\t\t\t<div class=\"elementor-column elementor-col-100 elementor-top-column elementor-element elementor-element-9d943c8\" data-id=\"9d943c8\" data-element_type=\"column\" data-e-type=\"column\">\n\t\t\t<div class=\"elementor-widget-wrap elementor-element-populated\">\n\t\t\t\t\t\t<div class=\"elementor-element elementor-element-e5331c2 elementor-widget elementor-widget-heading\" data-id=\"e5331c2\" data-element_type=\"widget\" data-e-type=\"widget\" data-widget_type=\"heading.default\">\n\t\t\t\t<div class=\"elementor-widget-container\">\n\t\t\t\t\t<h2 class=\"elementor-heading-title elementor-size-default\">Impressum<\/h2>\t\t\t\t<\/div>\n\t\t\t\t<\/div>\n\t\t\t\t\t<\/div>\n\t\t<\/div>\n\t\t\t\t\t<\/div>\n\t\t<\/section>\n\t\t\t\t<section class=\"elementor-section elementor-top-section elementor-element elementor-element-445feaf elementor-section-boxed elementor-section-height-default elementor-section-height-default\" data-id=\"445feaf\" data-element_type=\"section\" data-e-type=\"section\">\n\t\t\t\t\t\t<div class=\"elementor-container elementor-column-gap-default\">\n\t\t\t\t\t<div class=\"elementor-column elementor-col-100 elementor-top-column elementor-element elementor-element-7e8b252\" data-id=\"7e8b252\" data-element_type=\"column\" data-e-type=\"column\">\n\t\t\t<div class=\"elementor-widget-wrap elementor-element-populated\">\n\t\t\t\t\t\t<div class=\"elementor-element elementor-element-986bc36 elementor-widget elementor-widget-text-editor\" data-id=\"986bc36\" data-element_type=\"widget\" data-e-type=\"widget\" data-widget_type=\"text-editor.default\">\n\t\t\t\t<div class=\"elementor-widget-container\">\n\t\t\t\t\t\t\t\t\t<p>Fimenname: Christof Erharter \u201eVilla Excelsior\u201c<br \/>Gew\u00e4hlte Firmenbezeichnung: Villa Excelsior, Hotel &amp; Kurhaus<\/p><p>Strasse: Reitlstrasse 20<br \/>PLZ \/ Ort: 5640 Bad Gastein<br \/>Land: \u00d6sterreich<\/p><p>Telefon: +43 6434 21 350<br \/>Telefax: +43 6434 21 3504<br \/>E-mail: <a href=\"mailto:info@villa-excelsior.at\">info@villa-excelsior.at<\/a><br \/>Homepage:\u00a0<a href=\"http:\/\/www.villa-excelsior.at\/\">www.villa-excelsior.at<\/a><\/p><p>UID-Nr.: ATU56845025<br \/>Beh\u00f6rde gem\u00e4\u00df ECG: Bezirkshauptmannschaft St. Johann im Pongau<br \/>Bankverbindung: Raiffeisenbank Bad Gastein (BLZ 35226)<br \/>Kontonr.: 2010858<br \/>IBAN: AT293502600002010858<br \/>BIC: RVSAAT2S026<\/p>\t\t\t\t\t\t\t\t<\/div>\n\t\t\t\t<\/div>\n\t\t\t\t\t<\/div>\n\t\t<\/div>\n\t\t\t\t\t<\/div>\n\t\t<\/section>\n\t\t\t\t<\/div>\n\t\t","protected":false},"excerpt":{"rendered":"<p>Impressum Fimenname: Christof Erharter \u201eVilla Excelsior\u201cGew\u00e4hlte Firmenbezeichnung: Villa Excelsior, Hotel &amp; Kurhaus Strasse: Reitlstrasse 20PLZ \/ Ort: 5640 Bad GasteinLand: \u00d6sterreich Telefon: +43 6434 21 350Telefax: +43 6434 21 3504E-mail: info@villa-excelsior.atHomepage:\u00a0www.villa-excelsior.at UID-Nr.: ATU56845025Beh\u00f6rde gem\u00e4\u00df ECG: Bezirkshauptmannschaft St. Johann im PongauBankverbindung: Raiffeisenbank Bad Gastein (BLZ 35226)Kontonr.: 2010858IBAN: AT293502600002010858BIC: RVSAAT2S026<\/p>\n","protected":false},"author":1,"featured_media":0,"parent":0,"menu_order":0,"comment_status":"closed","ping_status":"closed","template":"","meta":{"footnotes":""},"class_list":["post-1055","page","type-page","status-publish","hentry"],"_links":{"self":[{"href":"https:\/\/villa-excelsior.at\/index.php?rest_route=\/wp\/v2\/pages\/1055","targetHints":{"allow":["GET"]}}],"collection":[{"href":"https:\/\/villa-excelsior.at\/index.php?rest_route=\/wp\/v2\/pages"}],"about":[{"href":"https:\/\/villa-excelsior.at\/index.php?rest_route=\/wp\/v2\/types\/page"}],"author":[{"embeddable":true,"href":"https:\/\/villa-excelsior.at\/index.php?rest_route=\/wp\/v2\/users\/1"}],"replies":[{"embeddable":true,"href":"https:\/\/villa-excelsior.at\/index.php?rest_route=%2Fwp%2Fv2%2Fcomments&post=1055"}],"version-history":[{"count":16,"href":"https:\/\/villa-excelsior.at\/index.php?rest_route=\/wp\/v2\/pages\/1055\/revisions"}],"predecessor-version":[{"id":2218,"href":"https:\/\/villa-excelsior.at\/index.php?rest_route=\/wp\/v2\/pages\/1055\/revisions\/2218"}],"wp:attachment":[{"href":"https:\/\/villa-excelsior.at\/index.php?rest_route=%2Fwp%2Fv2%2Fmedia&parent=1055"}],"curies":[{"name":"wp","href":"https:\/\/api.w.org\/{rel}","templated":true}]}}